{"id":505,"date":"2024-07-30T14:23:41","date_gmt":"2024-07-30T06:23:41","guid":{"rendered":"http:\/\/yameibio.com\/product\/xanthan-gum-6\/"},"modified":"2024-09-09T10:30:10","modified_gmt":"2024-09-09T02:30:10","slug":"xanthan-gum-6","status":"publish","type":"product","link":"https:\/\/yameibio.com\/de\/product\/xanthan-gum-6\/","title":{"rendered":"L-Lysinhydrochlorid"},"content":{"rendered":"<p>&nbsp;<\/p>\n<p>&nbsp;<\/p>\n<p>Lysin HCl ist eine der wichtigsten Aminos\u00e4uren und haupts\u00e4chlich in Lebensmitteln, Medizin und Futter.<\/p>\n<p>L-Lysinhydrochlorid wird als Futtermittelern\u00e4hrungsverst\u00e4rker verwendet und ist ein wesentlicher Bestandteil der Nahrung und der Gefl\u00fcgelern\u00e4hrung.<\/p>\n<p>Es kann den Appetit von Vieh und Gefl\u00fcgel verbessern, die Krankheitsresistenz verbessern, die Heilung des Traumas f\u00f6rdern und die Qualit\u00e4t von Fleisch verbessern.<\/p>\n<p>Es kann die Sekretion von Magensaft verbessern. Es ist ein wesentliches Material f\u00fcr die Synthese von Gehirnnerv, Keimzellen, Protein und H\u00e4moglobin.<\/p>\n<p>Lysin kann auch die Futterauslastung verbessern, die Fleischqualit\u00e4t verbessern und die magere Fleischrate erh\u00f6hen, die Kalziumabsorption f\u00f6rdern, Ferkeldurchungsdurchl\u00e4ssigkeit verhindern.<\/p>","protected":false},"excerpt":{"rendered":"<p>Lysin HCl ist eine der wichtigsten Aminos\u00e4uren und haupts\u00e4chlich in Lebensmitteln, Medizin und Futter.<\/p>","protected":false},"featured_media":932,"comment_status":"open","ping_status":"closed","template":"","meta":{"_acf_changed":false},"product_cat":[21],"product_tag":[],"class_list":{"0":"post-505","1":"product","2":"type-product","3":"status-publish","4":"has-post-thumbnail","6":"product_cat-feed-grade","8":"first","9":"instock","10":"shipping-taxable","11":"product-type-simple"},"acf":[],"_links":{"self":[{"href":"https:\/\/yameibio.com\/de\/wp-json\/wp\/v2\/product\/505","targetHints":{"allow":["GET"]}}],"collection":[{"href":"https:\/\/yameibio.com\/de\/wp-json\/wp\/v2\/product"}],"about":[{"href":"https:\/\/yameibio.com\/de\/wp-json\/wp\/v2\/types\/product"}],"replies":[{"embeddable":true,"href":"https:\/\/yameibio.com\/de\/wp-json\/wp\/v2\/comments?post=505"}],"wp:featuredmedia":[{"embeddable":true,"href":"https:\/\/yameibio.com\/de\/wp-json\/wp\/v2\/media\/932"}],"wp:attachment":[{"href":"https:\/\/yameibio.com\/de\/wp-json\/wp\/v2\/media?parent=505"}],"wp:term":[{"taxonomy":"product_cat","embeddable":true,"href":"https:\/\/yameibio.com\/de\/wp-json\/wp\/v2\/product_cat?post=505"},{"taxonomy":"product_tag","embeddable":true,"href":"https:\/\/yameibio.com\/de\/wp-json\/wp\/v2\/product_tag?post=505"}],"curies":[{"name":"wp","href":"https:\/\/api.w.org\/{rel}","templated":true}]}}