{"id":505,"date":"2024-07-30T14:23:41","date_gmt":"2024-07-30T06:23:41","guid":{"rendered":"http:\/\/yameibio.com\/product\/xanthan-gum-6\/"},"modified":"2024-09-09T10:30:10","modified_gmt":"2024-09-09T02:30:10","slug":"xanthan-gum-6","status":"publish","type":"product","link":"https:\/\/yameibio.com\/fr\/product\/xanthan-gum-6\/","title":{"rendered":"Chlorhydrate de l-lysine"},"content":{"rendered":"<p>&nbsp;<\/p>\n<p>&nbsp;<\/p>\n<p>La lysine HCL est l'un des acides amin\u00e9s les plus importants et principalement utilis\u00e9s dans les aliments, les m\u00e9dicaments et les aliments pour animaux.<\/p>\n<p>Le chlorhydrate de L-lysine est utilis\u00e9 comme amplificateur de nutrition d'alimentation et est un \u00e9l\u00e9ment essentiel de l'\u00e9levage et de la nutrition de la volaille.<\/p>\n<p>Il peut am\u00e9liorer l'app\u00e9tit du b\u00e9tail et de la volaille, am\u00e9liorer la r\u00e9sistance aux maladies, favoriser la gu\u00e9rison du traumatisme et am\u00e9liorer la qualit\u00e9 de la viande.<\/p>\n<p>Il peut am\u00e9liorer la s\u00e9cr\u00e9tion de jus gastrique. Il s'agit d'un mat\u00e9riau essentiel pour la synth\u00e8se du nerf c\u00e9r\u00e9bral, des cellules germinales, des prot\u00e9ines et de l'h\u00e9moglobine.<\/p>\n<p>La lysine peut \u00e9galement am\u00e9liorer l'utilisation des aliments, am\u00e9liorer la qualit\u00e9 de la viande et augmenter le taux de viande maigre, favoriser l'absorption du calcium, pr\u00e9venir la diarrh\u00e9e des porcelets.<\/p>","protected":false},"excerpt":{"rendered":"<p>La lysine HCL est l'un des acides amin\u00e9s les plus importants et principalement utilis\u00e9s dans les aliments, les m\u00e9dicaments et les aliments pour animaux.<\/p>","protected":false},"featured_media":932,"comment_status":"open","ping_status":"closed","template":"","meta":{"_acf_changed":false},"product_cat":[21],"product_tag":[],"class_list":{"0":"post-505","1":"product","2":"type-product","3":"status-publish","4":"has-post-thumbnail","6":"product_cat-feed-grade","8":"first","9":"instock","10":"shipping-taxable","11":"product-type-simple"},"acf":[],"_links":{"self":[{"href":"https:\/\/yameibio.com\/fr\/wp-json\/wp\/v2\/product\/505","targetHints":{"allow":["GET"]}}],"collection":[{"href":"https:\/\/yameibio.com\/fr\/wp-json\/wp\/v2\/product"}],"about":[{"href":"https:\/\/yameibio.com\/fr\/wp-json\/wp\/v2\/types\/product"}],"replies":[{"embeddable":true,"href":"https:\/\/yameibio.com\/fr\/wp-json\/wp\/v2\/comments?post=505"}],"wp:featuredmedia":[{"embeddable":true,"href":"https:\/\/yameibio.com\/fr\/wp-json\/wp\/v2\/media\/932"}],"wp:attachment":[{"href":"https:\/\/yameibio.com\/fr\/wp-json\/wp\/v2\/media?parent=505"}],"wp:term":[{"taxonomy":"product_cat","embeddable":true,"href":"https:\/\/yameibio.com\/fr\/wp-json\/wp\/v2\/product_cat?post=505"},{"taxonomy":"product_tag","embeddable":true,"href":"https:\/\/yameibio.com\/fr\/wp-json\/wp\/v2\/product_tag?post=505"}],"curies":[{"name":"wp","href":"https:\/\/api.w.org\/{rel}","templated":true}]}}