{"id":507,"date":"2024-07-30T14:23:41","date_gmt":"2024-07-30T06:23:41","guid":{"rendered":"http:\/\/yameibio.com\/product\/xanthan-gum-8\/"},"modified":"2024-09-09T10:31:04","modified_gmt":"2024-09-09T02:31:04","slug":"xanthan-gum-8","status":"publish","type":"product","link":"https:\/\/yameibio.com\/fr\/product\/xanthan-gum-8\/","title":{"rendered":"L-lsoleucine"},"content":{"rendered":"<p>&nbsp;<\/p>\n<p>&nbsp;<\/p>\n<p>&nbsp;<\/p>","protected":false},"excerpt":{"rendered":"<p>Le r\u00f4le de l'addition d'isoleucine dans l'alimentation se refl\u00e8te principalement dans la promotion de la croissance, du d\u00e9veloppement et de la reproduction des animaux, de l'am\u00e9lioration de la qualit\u00e9 de la viande et de l'optimisation de l'efficacit\u00e9 des aliments et des avantages \u00e9conomiques.<\/p>","protected":false},"featured_media":934,"comment_status":"open","ping_status":"closed","template":"","meta":{"_acf_changed":false},"product_cat":[21],"product_tag":[],"class_list":{"0":"post-507","1":"product","2":"type-product","3":"status-publish","4":"has-post-thumbnail","6":"product_cat-feed-grade","8":"first","9":"instock","10":"shipping-taxable","11":"product-type-simple"},"acf":[],"_links":{"self":[{"href":"https:\/\/yameibio.com\/fr\/wp-json\/wp\/v2\/product\/507","targetHints":{"allow":["GET"]}}],"collection":[{"href":"https:\/\/yameibio.com\/fr\/wp-json\/wp\/v2\/product"}],"about":[{"href":"https:\/\/yameibio.com\/fr\/wp-json\/wp\/v2\/types\/product"}],"replies":[{"embeddable":true,"href":"https:\/\/yameibio.com\/fr\/wp-json\/wp\/v2\/comments?post=507"}],"wp:featuredmedia":[{"embeddable":true,"href":"https:\/\/yameibio.com\/fr\/wp-json\/wp\/v2\/media\/934"}],"wp:attachment":[{"href":"https:\/\/yameibio.com\/fr\/wp-json\/wp\/v2\/media?parent=507"}],"wp:term":[{"taxonomy":"product_cat","embeddable":true,"href":"https:\/\/yameibio.com\/fr\/wp-json\/wp\/v2\/product_cat?post=507"},{"taxonomy":"product_tag","embeddable":true,"href":"https:\/\/yameibio.com\/fr\/wp-json\/wp\/v2\/product_tag?post=507"}],"curies":[{"name":"wp","href":"https:\/\/api.w.org\/{rel}","templated":true}]}}