{"id":504,"date":"2024-07-30T14:23:41","date_gmt":"2024-07-30T06:23:41","guid":{"rendered":"http:\/\/yameibio.com\/product\/xanthan-gum-5\/"},"modified":"2024-09-09T10:29:44","modified_gmt":"2024-09-09T02:29:44","slug":"xanthan-gum-5","status":"publish","type":"product","link":"https:\/\/yameibio.com\/it\/product\/xanthan-gum-5\/","title":{"rendered":"L-lisina solfato"},"content":{"rendered":"<p>&nbsp;<\/p>\n<p>&nbsp;<\/p>\n<p>&nbsp;<\/p>\n<p>&nbsp;<\/p>\n<p>&nbsp;<\/p>","protected":false},"excerpt":{"rendered":"<p>Il solfato di l-lisina \u00e8 una forma sintetica. \u00c8 una particella mobile ad alta densit\u00e0 e senza polvere.<\/p>","protected":false},"featured_media":930,"comment_status":"open","ping_status":"closed","template":"","meta":{"_acf_changed":false},"product_cat":[21],"product_tag":[],"class_list":{"0":"post-504","1":"product","2":"type-product","3":"status-publish","4":"has-post-thumbnail","6":"product_cat-feed-grade","8":"first","9":"instock","10":"shipping-taxable","11":"product-type-simple"},"acf":[],"_links":{"self":[{"href":"https:\/\/yameibio.com\/it\/wp-json\/wp\/v2\/product\/504","targetHints":{"allow":["GET"]}}],"collection":[{"href":"https:\/\/yameibio.com\/it\/wp-json\/wp\/v2\/product"}],"about":[{"href":"https:\/\/yameibio.com\/it\/wp-json\/wp\/v2\/types\/product"}],"replies":[{"embeddable":true,"href":"https:\/\/yameibio.com\/it\/wp-json\/wp\/v2\/comments?post=504"}],"wp:featuredmedia":[{"embeddable":true,"href":"https:\/\/yameibio.com\/it\/wp-json\/wp\/v2\/media\/930"}],"wp:attachment":[{"href":"https:\/\/yameibio.com\/it\/wp-json\/wp\/v2\/media?parent=504"}],"wp:term":[{"taxonomy":"product_cat","embeddable":true,"href":"https:\/\/yameibio.com\/it\/wp-json\/wp\/v2\/product_cat?post=504"},{"taxonomy":"product_tag","embeddable":true,"href":"https:\/\/yameibio.com\/it\/wp-json\/wp\/v2\/product_tag?post=504"}],"curies":[{"name":"wp","href":"https:\/\/api.w.org\/{rel}","templated":true}]}}