{"id":1161,"date":"2024-09-27T14:17:28","date_gmt":"2024-09-27T06:17:28","guid":{"rendered":"https:\/\/yameibio.com\/?post_type=product&#038;p=1161"},"modified":"2024-09-29T09:15:53","modified_gmt":"2024-09-29T01:15:53","slug":"citric-acid-monohydrate","status":"publish","type":"product","link":"https:\/\/yameibio.com\/vi\/product\/axit-citric-monohydrate\/","title":{"rendered":"Axit citric monohydrate"},"content":{"rendered":"","protected":false},"excerpt":{"rendered":"<p>Axit ph\u00ea b\u00ecnh \u0111\u01b0\u1ee3c l\u00e0m t\u1eeb tinh b\u1ed9t b\u1edfi c\u00f4ng ngh\u1ec7 sinh h\u1ecdc ti\u00ean ti\u1ebfn. N\u00f3 l\u00e0 m\u1ed9t lo\u1ea1i b\u1ed9t tinh th\u1ec3 kh\u00f4ng m\u00e0u ho\u1eb7c tr\u1eafng.<\/p>","protected":false},"featured_media":1194,"comment_status":"open","ping_status":"closed","template":"","meta":{"_acf_changed":false},"product_cat":[18],"product_tag":[],"class_list":{"0":"post-1161","1":"product","2":"type-product","3":"status-publish","4":"has-post-thumbnail","6":"product_cat-food-grade","8":"first","9":"instock","10":"shipping-taxable","11":"product-type-simple"},"acf":[],"_links":{"self":[{"href":"https:\/\/yameibio.com\/vi\/wp-json\/wp\/v2\/product\/1161","targetHints":{"allow":["GET"]}}],"collection":[{"href":"https:\/\/yameibio.com\/vi\/wp-json\/wp\/v2\/product"}],"about":[{"href":"https:\/\/yameibio.com\/vi\/wp-json\/wp\/v2\/types\/product"}],"replies":[{"embeddable":true,"href":"https:\/\/yameibio.com\/vi\/wp-json\/wp\/v2\/comments?post=1161"}],"wp:featuredmedia":[{"embeddable":true,"href":"https:\/\/yameibio.com\/vi\/wp-json\/wp\/v2\/media\/1194"}],"wp:attachment":[{"href":"https:\/\/yameibio.com\/vi\/wp-json\/wp\/v2\/media?parent=1161"}],"wp:term":[{"taxonomy":"product_cat","embeddable":true,"href":"https:\/\/yameibio.com\/vi\/wp-json\/wp\/v2\/product_cat?post=1161"},{"taxonomy":"product_tag","embeddable":true,"href":"https:\/\/yameibio.com\/vi\/wp-json\/wp\/v2\/product_tag?post=1161"}],"curies":[{"name":"wp","href":"https:\/\/api.w.org\/{rel}","templated":true}]}}