{"id":505,"date":"2024-07-30T14:23:41","date_gmt":"2024-07-30T06:23:41","guid":{"rendered":"http:\/\/yameibio.com\/product\/xanthan-gum-6\/"},"modified":"2024-09-09T10:30:10","modified_gmt":"2024-09-09T02:30:10","slug":"xanthan-gum-6","status":"publish","type":"product","link":"https:\/\/yameibio.com\/vi\/product\/xanthan-gum-6\/","title":{"rendered":"L-Lysine hydrochloride"},"content":{"rendered":"<p>&nbsp;<\/p>\n<p>&nbsp;<\/p>\n<p>Lysine HCl l\u00e0 m\u1ed9t trong nh\u1eefng axit amin quan tr\u1ecdng nh\u1ea5t, v\u00e0 ch\u1ee7 y\u1ebfu \u0111\u01b0\u1ee3c s\u1eed d\u1ee5ng trong th\u1ef1c ph\u1ea9m, thu\u1ed1c v\u00e0 th\u1ee9c \u0103n.<\/p>\n<p>L-lysine hydrochloride \u0111\u01b0\u1ee3c s\u1eed d\u1ee5ng l\u00e0m ch\u1ea5t t\u0103ng c\u01b0\u1eddng dinh d\u01b0\u1ee1ng th\u1ee9c \u0103n v\u00e0 l\u00e0 m\u1ed9t th\u00e0nh ph\u1ea7n thi\u1ebft y\u1ebfu c\u1ee7a dinh d\u01b0\u1ee1ng ch\u0103n nu\u00f4i v\u00e0 gia c\u1ea7m.<\/p>\n<p>N\u00f3 c\u00f3 th\u1ec3 t\u0103ng c\u01b0\u1eddng s\u1ef1 th\u00e8m \u0103n gia s\u00fac v\u00e0 gia c\u1ea7m, c\u1ea3i thi\u1ec7n kh\u1ea3 n\u0103ng kh\u00e1ng b\u1ec7nh, th\u00fac \u0111\u1ea9y vi\u1ec7c ch\u1eefa ch\u1ea5n th\u01b0\u01a1ng v\u00e0 c\u1ea3i thi\u1ec7n ch\u1ea5t l\u01b0\u1ee3ng th\u1ecbt.<\/p>\n<p>N\u00f3 c\u00f3 th\u1ec3 t\u0103ng c\u01b0\u1eddng b\u00e0i ti\u1ebft n\u01b0\u1edbc d\u1ea1 d\u00e0y. N\u00f3 l\u00e0 m\u1ed9t v\u1eadt li\u1ec7u thi\u1ebft y\u1ebfu \u0111\u1ec3 t\u1ed5ng h\u1ee3p th\u1ea7n kinh n\u00e3o, t\u1ebf b\u00e0o m\u1ea7m, protein v\u00e0 hemoglobin.<\/p>\n<p>Lysine c\u0169ng c\u00f3 th\u1ec3 c\u1ea3i thi\u1ec7n vi\u1ec7c s\u1eed d\u1ee5ng th\u1ee9c \u0103n, c\u1ea3i thi\u1ec7n ch\u1ea5t l\u01b0\u1ee3ng th\u1ecbt v\u00e0 t\u0103ng t\u1ed1c \u0111\u1ed9 th\u1ecbt n\u1ea1c, th\u00fac \u0111\u1ea9y s\u1ef1 h\u1ea5p th\u1ee5 canxi, ng\u0103n ng\u1eeba ti\u00eau ch\u1ea3y heo con.<\/p>","protected":false},"excerpt":{"rendered":"<p>Lysine HCl l\u00e0 m\u1ed9t trong nh\u1eefng axit amin quan tr\u1ecdng nh\u1ea5t, v\u00e0 ch\u1ee7 y\u1ebfu \u0111\u01b0\u1ee3c s\u1eed d\u1ee5ng trong th\u1ef1c ph\u1ea9m, thu\u1ed1c v\u00e0 th\u1ee9c \u0103n.<\/p>","protected":false},"featured_media":932,"comment_status":"open","ping_status":"closed","template":"","meta":{"_acf_changed":false},"product_cat":[21],"product_tag":[],"class_list":{"0":"post-505","1":"product","2":"type-product","3":"status-publish","4":"has-post-thumbnail","6":"product_cat-feed-grade","8":"first","9":"instock","10":"shipping-taxable","11":"product-type-simple"},"acf":[],"_links":{"self":[{"href":"https:\/\/yameibio.com\/vi\/wp-json\/wp\/v2\/product\/505","targetHints":{"allow":["GET"]}}],"collection":[{"href":"https:\/\/yameibio.com\/vi\/wp-json\/wp\/v2\/product"}],"about":[{"href":"https:\/\/yameibio.com\/vi\/wp-json\/wp\/v2\/types\/product"}],"replies":[{"embeddable":true,"href":"https:\/\/yameibio.com\/vi\/wp-json\/wp\/v2\/comments?post=505"}],"wp:featuredmedia":[{"embeddable":true,"href":"https:\/\/yameibio.com\/vi\/wp-json\/wp\/v2\/media\/932"}],"wp:attachment":[{"href":"https:\/\/yameibio.com\/vi\/wp-json\/wp\/v2\/media?parent=505"}],"wp:term":[{"taxonomy":"product_cat","embeddable":true,"href":"https:\/\/yameibio.com\/vi\/wp-json\/wp\/v2\/product_cat?post=505"},{"taxonomy":"product_tag","embeddable":true,"href":"https:\/\/yameibio.com\/vi\/wp-json\/wp\/v2\/product_tag?post=505"}],"curies":[{"name":"wp","href":"https:\/\/api.w.org\/{rel}","templated":true}]}}